{"id":24,"date":"2025-05-13T17:56:41","date_gmt":"2025-05-13T17:56:41","guid":{"rendered":"https:\/\/followpartners.com\/?page_id=24"},"modified":"2025-09-22T17:51:08","modified_gmt":"2025-09-22T17:51:08","slug":"homepage-follow","status":"publish","type":"page","link":"https:\/\/followpartners.com\/en\/","title":{"rendered":"Homepage &#8211; Follow"},"content":{"rendered":"<div data-elementor-type=\"wp-page\" data-elementor-id=\"24\" class=\"elementor elementor-24\" data-elementor-post-type=\"page\">\n\t\t\t\t<div class=\"elementor-element elementor-element-ca8752b e-flex e-con-boxed e-con e-parent\" data-id=\"ca8752b\" data-element_type=\"container\" data-e-type=\"container\" data-settings=\"{&quot;background_background&quot;:&quot;video&quot;,&quot;background_video_link&quot;:&quot;https:\\\/\\\/followpartners.com\\\/wp-content\\\/uploads\\\/2025\\\/05\\\/Video_Follow_BG.mp4&quot;}\">\n\t\t\t\t\t<div class=\"e-con-inner\">\n\t\t<div class=\"elementor-background-video-container elementor-hidden-mobile\">\n\t\t\t\t\t\t\t<video class=\"elementor-background-video-hosted\" role=\"presentation\" autoplay muted playsinline loop><\/video>\n\t\t\t\t\t<\/div>\t\t<div class=\"elementor-element elementor-element-bc9fcd4 elementor-widget__width-initial elementor-widget elementor-widget-heading\" data-id=\"bc9fcd4\" data-element_type=\"widget\" data-e-type=\"widget\" data-widget_type=\"heading.default\">\n\t\t\t\t<div class=\"elementor-widget-container\">\n\t\t\t\t\t<h1 class=\"elementor-heading-title elementor-size-default\">We build lasting value companies<\/h1>\t\t\t\t<\/div>\n\t\t\t\t<\/div>\n\t\t<div class=\"elementor-element elementor-element-060d710 e-con-full e-flex e-con e-child\" data-id=\"060d710\" data-element_type=\"container\" data-e-type=\"container\">\n\t\t<div class=\"elementor-element elementor-element-194d05f e-con-full e-flex e-con e-child\" data-id=\"194d05f\" data-element_type=\"container\" data-e-type=\"container\">\n\t\t\t\t<div class=\"elementor-element elementor-element-4ed7f71 elementor-widget elementor-widget-heading\" data-id=\"4ed7f71\" data-element_type=\"widget\" data-e-type=\"widget\" data-widget_type=\"heading.default\">\n\t\t\t\t<div class=\"elementor-widget-container\">\n\t\t\t\t\t<p class=\"elementor-heading-title elementor-size-default\">Private equity firm for early-stage companies that are able to expand effectively through technology.<\/p>\t\t\t\t<\/div>\n\t\t\t\t<\/div>\n\t\t\t\t<div class=\"elementor-element elementor-element-7367ded elementor-widget elementor-widget-heading\" data-id=\"7367ded\" data-element_type=\"widget\" data-e-type=\"widget\" data-widget_type=\"heading.default\">\n\t\t\t\t<div class=\"elementor-widget-container\">\n\t\t\t\t\t<p class=\"elementor-heading-title elementor-size-default\">We partner with entrepreneurs and investors deeply experts in their industry that believe that a valuable company is built on a daily basis.<\/p>\t\t\t\t<\/div>\n\t\t\t\t<\/div>\n\t\t\t\t<\/div>\n\t\t\t\t<\/div>\n\t\t\t\t\t<\/div>\n\t\t\t\t<\/div>\n\t\t<div class=\"elementor-element elementor-element-4b8a08e e-flex e-con-boxed e-con e-parent\" data-id=\"4b8a08e\" data-element_type=\"container\" data-e-type=\"container\" data-settings=\"{&quot;background_background&quot;:&quot;classic&quot;}\">\n\t\t\t\t\t<div class=\"e-con-inner\">\n\t\t<div class=\"elementor-element elementor-element-d7a7c90 e-con-full e-flex e-con e-child\" data-id=\"d7a7c90\" data-element_type=\"container\" data-e-type=\"container\">\n\t\t\t\t<div class=\"elementor-element elementor-element-3bd1e79 elementor-widget elementor-widget-heading\" data-id=\"3bd1e79\" data-element_type=\"widget\" data-e-type=\"widget\" data-widget_type=\"heading.default\">\n\t\t\t\t<div class=\"elementor-widget-container\">\n\t\t\t\t\t<h2 class=\"elementor-heading-title elementor-size-default\">From risk to value<\/h2>\t\t\t\t<\/div>\n\t\t\t\t<\/div>\n\t\t<div class=\"elementor-element elementor-element-37291c6 e-con-full e-grid e-con e-child\" data-id=\"37291c6\" data-element_type=\"container\" data-e-type=\"container\">\n\t\t<div class=\"elementor-element elementor-element-f3efc3f e-con-full e-flex e-con e-child\" data-id=\"f3efc3f\" data-element_type=\"container\" data-e-type=\"container\">\n\t\t\t\t<div class=\"elementor-element elementor-element-ef9fd45 elementor-widget elementor-widget-heading\" data-id=\"ef9fd45\" data-element_type=\"widget\" data-e-type=\"widget\" data-widget_type=\"heading.default\">\n\t\t\t\t<div class=\"elementor-widget-container\">\n\t\t\t\t\t<h3 class=\"elementor-heading-title elementor-size-default\">Experience<\/h3>\t\t\t\t<\/div>\n\t\t\t\t<\/div>\n\t\t\t\t<div class=\"elementor-element elementor-element-fed05dc elementor-widget elementor-widget-heading\" data-id=\"fed05dc\" data-element_type=\"widget\" data-e-type=\"widget\" data-widget_type=\"heading.default\">\n\t\t\t\t<div class=\"elementor-widget-container\">\n\t\t\t\t\t<p class=\"elementor-heading-title elementor-size-default\">Our team has held leadership positions in global top tier companies and investments funds.<\/p>\t\t\t\t<\/div>\n\t\t\t\t<\/div>\n\t\t\t\t<\/div>\n\t\t<div class=\"elementor-element elementor-element-c7c3a5a e-con-full e-flex e-con e-child\" data-id=\"c7c3a5a\" data-element_type=\"container\" data-e-type=\"container\">\n\t\t\t\t<div class=\"elementor-element elementor-element-609f84b elementor-widget elementor-widget-heading\" data-id=\"609f84b\" data-element_type=\"widget\" data-e-type=\"widget\" data-widget_type=\"heading.default\">\n\t\t\t\t<div class=\"elementor-widget-container\">\n\t\t\t\t\t<h3 class=\"elementor-heading-title elementor-size-default\">Methodology<\/h3>\t\t\t\t<\/div>\n\t\t\t\t<\/div>\n\t\t\t\t<div class=\"elementor-element elementor-element-d94b6cf elementor-widget elementor-widget-heading\" data-id=\"d94b6cf\" data-element_type=\"widget\" data-e-type=\"widget\" data-widget_type=\"heading.default\">\n\t\t\t\t<div class=\"elementor-widget-container\">\n\t\t\t\t\t<p class=\"elementor-heading-title elementor-size-default\">We stand out for our execution capability and unique approach, combining quantitative, qualitative and digital.<\/p>\t\t\t\t<\/div>\n\t\t\t\t<\/div>\n\t\t\t\t<\/div>\n\t\t<div class=\"elementor-element elementor-element-43fdc3f e-con-full e-flex e-con e-child\" data-id=\"43fdc3f\" data-element_type=\"container\" data-e-type=\"container\">\n\t\t\t\t<div class=\"elementor-element elementor-element-63f4a3f elementor-widget elementor-widget-heading\" data-id=\"63f4a3f\" data-element_type=\"widget\" data-e-type=\"widget\" data-widget_type=\"heading.default\">\n\t\t\t\t<div class=\"elementor-widget-container\">\n\t\t\t\t\t<h3 class=\"elementor-heading-title elementor-size-default\">Thesis<\/h3>\t\t\t\t<\/div>\n\t\t\t\t<\/div>\n\t\t\t\t<div class=\"elementor-element elementor-element-2b0cd41 elementor-widget elementor-widget-heading\" data-id=\"2b0cd41\" data-element_type=\"widget\" data-e-type=\"widget\" data-widget_type=\"heading.default\">\n\t\t\t\t<div class=\"elementor-widget-container\">\n\t\t\t\t\t<p class=\"elementor-heading-title elementor-size-default\">We are redefining the Private Equity model for early-stage companies with high growth potential.<\/p>\t\t\t\t<\/div>\n\t\t\t\t<\/div>\n\t\t\t\t<\/div>\n\t\t<div class=\"elementor-element elementor-element-260584d e-con-full e-flex e-con e-child\" data-id=\"260584d\" data-element_type=\"container\" data-e-type=\"container\">\n\t\t\t\t<div class=\"elementor-element elementor-element-7fec694 elementor-widget elementor-widget-heading\" data-id=\"7fec694\" data-element_type=\"widget\" data-e-type=\"widget\" data-widget_type=\"heading.default\">\n\t\t\t\t<div class=\"elementor-widget-container\">\n\t\t\t\t\t<h3 class=\"elementor-heading-title elementor-size-default\">Track record<\/h3>\t\t\t\t<\/div>\n\t\t\t\t<\/div>\n\t\t\t\t<div class=\"elementor-element elementor-element-a784c3f elementor-widget elementor-widget-heading\" data-id=\"a784c3f\" data-element_type=\"widget\" data-e-type=\"widget\" data-widget_type=\"heading.default\">\n\t\t\t\t<div class=\"elementor-widget-container\">\n\t\t\t\t\t<p class=\"elementor-heading-title elementor-size-default\">Our solid track record proves our ability to execute and the efficiency of our approach.<\/p>\t\t\t\t<\/div>\n\t\t\t\t<\/div>\n\t\t\t\t<\/div>\n\t\t\t\t<\/div>\n\t\t\t\t<\/div>\n\t\t\t\t\t<\/div>\n\t\t\t\t<\/div>\n\t\t<div class=\"elementor-element elementor-element-0f5ed10 e-flex e-con-boxed e-con e-parent\" data-id=\"0f5ed10\" data-element_type=\"container\" data-e-type=\"container\" data-settings=\"{&quot;background_background&quot;:&quot;classic&quot;}\">\n\t\t\t\t\t<div class=\"e-con-inner\">\n\t\t<div class=\"elementor-element elementor-element-59327c2 e-con-full e-flex e-con e-child\" data-id=\"59327c2\" data-element_type=\"container\" data-e-type=\"container\">\n\t\t\t\t<div class=\"elementor-element elementor-element-4218477 elementor-widget elementor-widget-image\" data-id=\"4218477\" data-element_type=\"widget\" data-e-type=\"widget\" data-widget_type=\"image.default\">\n\t\t\t\t<div class=\"elementor-widget-container\">\n\t\t\t\t\t\t\t\t\t\t\t\t\t\t\t<img decoding=\"async\" width=\"144\" height=\"44\" src=\"https:\/\/followpartners.com\/wp-content\/uploads\/2025\/05\/Logo_Follow_Capital.svg\" class=\"attachment-full size-full wp-image-56\" alt=\"\" \/>\t\t\t\t\t\t\t\t\t\t\t\t\t\t\t<\/div>\n\t\t\t\t<\/div>\n\t\t\t\t<div class=\"elementor-element elementor-element-2e62bd5 elementor-widget elementor-widget-heading\" data-id=\"2e62bd5\" data-element_type=\"widget\" data-e-type=\"widget\" data-widget_type=\"heading.default\">\n\t\t\t\t<div class=\"elementor-widget-container\">\n\t\t\t\t\t<h2 class=\"elementor-heading-title elementor-size-default\">Private Equity for early-stage companies with high growth potential<\/h2>\t\t\t\t<\/div>\n\t\t\t\t<\/div>\n\t\t\t\t<div class=\"elementor-element elementor-element-6a139f2 elementor-widget__width-initial elementor-widget elementor-widget-text-editor\" data-id=\"6a139f2\" data-element_type=\"widget\" data-e-type=\"widget\" data-widget_type=\"text-editor.default\">\n\t\t\t\t<div class=\"elementor-widget-container\">\n\t\t\t\t\t\t\t\t\t<p>We go deep into management and share the risk with entrepreneurs.<br \/><br \/>We allocate significant time to execution in order to drive the company's growth and value.<\/p>\t\t\t\t\t\t\t\t<\/div>\n\t\t\t\t<\/div>\n\t\t\t\t<div class=\"elementor-element elementor-element-a8b3762 elementor-widget elementor-widget-button\" data-id=\"a8b3762\" data-element_type=\"widget\" data-e-type=\"widget\" data-widget_type=\"button.default\">\n\t\t\t\t<div class=\"elementor-widget-container\">\n\t\t\t\t\t\t\t\t\t<div class=\"elementor-button-wrapper\">\n\t\t\t\t\t<a class=\"elementor-button elementor-button-link elementor-size-sm\" href=\"https:\/\/followpartners.com\/en\/capital\/\">\n\t\t\t\t\t\t<span class=\"elementor-button-content-wrapper\">\n\t\t\t\t\t\t<span class=\"elementor-button-icon\">\n\t\t\t\t<svg xmlns=\"http:\/\/www.w3.org\/2000\/svg\" width=\"103\" height=\"12\" viewbox=\"0 0 103 12\" fill=\"none\"><path d=\"M102.91 6L95.9863 12L94.9102 10.9209L99.7861 6.7002H0V5.2998H99.7861L94.9102 1.0791L95.9863 0L102.91 6Z\" fill=\"#141414\"><\/path><\/svg>\t\t\t<\/span>\n\t\t\t\t\t\t\t\t\t<span class=\"elementor-button-text\">learn more<\/span>\n\t\t\t\t\t<\/span>\n\t\t\t\t\t<\/a>\n\t\t\t\t<\/div>\n\t\t\t\t\t\t\t\t<\/div>\n\t\t\t\t<\/div>\n\t\t\t\t<\/div>\n\t\t\t\t\t<\/div>\n\t\t\t\t<\/div>\n\t\t<div class=\"elementor-element elementor-element-b772df0 elementor-hidden-desktop elementor-hidden-tablet elementor-hidden-mobile e-flex e-con-boxed e-con e-parent\" data-id=\"b772df0\" data-element_type=\"container\" data-e-type=\"container\" data-settings=\"{&quot;background_background&quot;:&quot;classic&quot;}\">\n\t\t\t\t\t<div class=\"e-con-inner\">\n\t\t<div class=\"elementor-element elementor-element-a2d667b e-con-full e-flex e-con e-child\" data-id=\"a2d667b\" data-element_type=\"container\" data-e-type=\"container\">\n\t\t\t\t<div class=\"elementor-element elementor-element-c43831a elementor-widget elementor-widget-image\" data-id=\"c43831a\" data-element_type=\"widget\" data-e-type=\"widget\" data-widget_type=\"image.default\">\n\t\t\t\t<div class=\"elementor-widget-container\">\n\t\t\t\t\t\t\t\t\t\t\t\t\t\t\t<img decoding=\"async\" width=\"156\" height=\"44\" src=\"https:\/\/followpartners.com\/wp-content\/uploads\/2025\/05\/Logo_Follow_Advisory.svg\" class=\"attachment-full size-full wp-image-61\" alt=\"\" \/>\t\t\t\t\t\t\t\t\t\t\t\t\t\t\t<\/div>\n\t\t\t\t<\/div>\n\t\t\t\t<\/div>\n\t\t<div class=\"elementor-element elementor-element-008869b e-con-full e-flex e-con e-child\" data-id=\"008869b\" data-element_type=\"container\" data-e-type=\"container\">\n\t\t\t\t<div class=\"elementor-element elementor-element-9bd6914 elementor-widget__width-initial elementor-widget elementor-widget-heading\" data-id=\"9bd6914\" data-element_type=\"widget\" data-e-type=\"widget\" data-widget_type=\"heading.default\">\n\t\t\t\t<div class=\"elementor-widget-container\">\n\t\t\t\t\t<h2 class=\"elementor-heading-title elementor-size-default\">Advisory para investidores e empreendedores<\/h2>\t\t\t\t<\/div>\n\t\t\t\t<\/div>\n\t\t<div class=\"elementor-element elementor-element-a377a7b e-con-full e-flex e-con e-child\" data-id=\"a377a7b\" data-element_type=\"container\" data-e-type=\"container\">\n\t\t\t\t<div class=\"elementor-element elementor-element-212bcf0 elementor-widget elementor-widget-text-editor\" data-id=\"212bcf0\" data-element_type=\"widget\" data-e-type=\"widget\" data-widget_type=\"text-editor.default\">\n\t\t\t\t<div class=\"elementor-widget-container\">\n\t\t\t\t\t\t\t\t\t<p>Ativos alternativos, principalmente,\u00a0 empresas de capital fechado s\u00e3o essenciais para uma diversifica\u00e7\u00e3o eficiente.<\/p><p>Fornecemos assessoria especializada para empreendedores e investidores gerenciarem riscos e aumentarem o valor de seu portf\u00f3lio de ativos alternativos.<\/p>\t\t\t\t\t\t\t\t<\/div>\n\t\t\t\t<\/div>\n\t\t\t\t<div class=\"elementor-element elementor-element-f8b7dc8 elementor-widget elementor-widget-button\" data-id=\"f8b7dc8\" data-element_type=\"widget\" data-e-type=\"widget\" data-widget_type=\"button.default\">\n\t\t\t\t<div class=\"elementor-widget-container\">\n\t\t\t\t\t\t\t\t\t<div class=\"elementor-button-wrapper\">\n\t\t\t\t\t<a class=\"elementor-button elementor-button-link elementor-size-sm\" href=\"https:\/\/followpartners.com\/en\/?page_id=114\">\n\t\t\t\t\t\t<span class=\"elementor-button-content-wrapper\">\n\t\t\t\t\t\t<span class=\"elementor-button-icon\">\n\t\t\t\t<svg xmlns=\"http:\/\/www.w3.org\/2000\/svg\" width=\"103\" height=\"12\" viewbox=\"0 0 103 12\" fill=\"none\"><path d=\"M102.91 6L95.9863 12L94.9102 10.9209L99.7861 6.7002H0V5.2998H99.7861L94.9102 1.0791L95.9863 0L102.91 6Z\" fill=\"#141414\"><\/path><\/svg>\t\t\t<\/span>\n\t\t\t\t\t\t\t\t\t<span class=\"elementor-button-text\">learn more<\/span>\n\t\t\t\t\t<\/span>\n\t\t\t\t\t<\/a>\n\t\t\t\t<\/div>\n\t\t\t\t\t\t\t\t<\/div>\n\t\t\t\t<\/div>\n\t\t\t\t<\/div>\n\t\t\t\t<\/div>\n\t\t\t\t\t<\/div>\n\t\t\t\t<\/div>\n\t\t\t\t<\/div>","protected":false},"excerpt":{"rendered":"<p>Constru\u00edmos companhias de valor Somos um private equity para companhias em est\u00e1gio inicial, com potencial de expans\u00e3o atrav\u00e9s de tecnologia. Nosso foco s\u00e3o empreendedores e investidores especialistas em sua ind\u00fastria que acreditam que uma empresa de valor se constr\u00f3i no dia a dia. Do risco ao valor Experi\u00eancia Nosso time atuou em posi\u00e7\u00f5es de lideran\u00e7a [&hellip;]<\/p>\n","protected":false},"author":2,"featured_media":34,"parent":0,"menu_order":0,"comment_status":"closed","ping_status":"closed","template":"","meta":{"footnotes":""},"class_list":["post-24","page","type-page","status-publish","has-post-thumbnail","hentry"],"yoast_head":"<!-- This site is optimized with the Yoast SEO plugin v27.4 - https:\/\/yoast.com\/product\/yoast-seo-wordpress\/ -->\n<title>Follow Partners | Private Equity e Advisory<\/title>\n<meta name=\"description\" content=\"Atuamos com Private Equity para empresas com alto potencial de crescimento e assessoria especializada para empreendedores e investidores.\" \/>\n<meta name=\"robots\" content=\"index, follow, max-snippet:-1, max-image-preview:large, max-video-preview:-1\" \/>\n<link rel=\"canonical\" href=\"https:\/\/followpartners.com\/en\/\" \/>\n<meta property=\"og:locale\" content=\"en_US\" \/>\n<meta property=\"og:type\" content=\"article\" \/>\n<meta property=\"og:title\" content=\"Follow Partners | Private Equity e Advisory\" \/>\n<meta property=\"og:description\" content=\"Atuamos com Private Equity para empresas com alto potencial de crescimento e assessoria especializada para empreendedores e investidores.\" \/>\n<meta property=\"og:url\" content=\"https:\/\/followpartners.com\/en\/\" \/>\n<meta property=\"og:site_name\" content=\"Follow Partners\" \/>\n<meta property=\"article:modified_time\" content=\"2025-09-22T17:51:08+00:00\" \/>\n<meta property=\"og:image\" content=\"https:\/\/followpartners.com\/wp-content\/uploads\/2025\/05\/Follow_Asset_01.jpg\" \/>\n\t<meta property=\"og:image:width\" content=\"2160\" \/>\n\t<meta property=\"og:image:height\" content=\"1215\" \/>\n\t<meta property=\"og:image:type\" content=\"image\/jpeg\" \/>\n<meta name=\"twitter:card\" content=\"summary_large_image\" \/>\n<meta name=\"twitter:label1\" content=\"Est. reading time\" \/>\n\t<meta name=\"twitter:data1\" content=\"2 minutes\" \/>\n<script type=\"application\/ld+json\" class=\"yoast-schema-graph\">{\"@context\":\"https:\\\/\\\/schema.org\",\"@graph\":[{\"@type\":\"WebPage\",\"@id\":\"https:\\\/\\\/followpartners.com\\\/\",\"url\":\"https:\\\/\\\/followpartners.com\\\/\",\"name\":\"Follow Partners | Private Equity e Advisory\",\"isPartOf\":{\"@id\":\"https:\\\/\\\/followpartners.com\\\/#website\"},\"primaryImageOfPage\":{\"@id\":\"https:\\\/\\\/followpartners.com\\\/#primaryimage\"},\"image\":{\"@id\":\"https:\\\/\\\/followpartners.com\\\/#primaryimage\"},\"thumbnailUrl\":\"https:\\\/\\\/followpartners.com\\\/wp-content\\\/uploads\\\/2025\\\/05\\\/Follow_Asset_01.jpg\",\"datePublished\":\"2025-05-13T17:56:41+00:00\",\"dateModified\":\"2025-09-22T17:51:08+00:00\",\"description\":\"Atuamos com Private Equity para empresas com alto potencial de crescimento e assessoria especializada para empreendedores e investidores.\",\"breadcrumb\":{\"@id\":\"https:\\\/\\\/followpartners.com\\\/#breadcrumb\"},\"inLanguage\":\"en-US\",\"potentialAction\":[{\"@type\":\"ReadAction\",\"target\":[\"https:\\\/\\\/followpartners.com\\\/\"]}]},{\"@type\":\"ImageObject\",\"inLanguage\":\"en-US\",\"@id\":\"https:\\\/\\\/followpartners.com\\\/#primaryimage\",\"url\":\"https:\\\/\\\/followpartners.com\\\/wp-content\\\/uploads\\\/2025\\\/05\\\/Follow_Asset_01.jpg\",\"contentUrl\":\"https:\\\/\\\/followpartners.com\\\/wp-content\\\/uploads\\\/2025\\\/05\\\/Follow_Asset_01.jpg\",\"width\":2160,\"height\":1215},{\"@type\":\"BreadcrumbList\",\"@id\":\"https:\\\/\\\/followpartners.com\\\/#breadcrumb\",\"itemListElement\":[{\"@type\":\"ListItem\",\"position\":1,\"name\":\"Home\",\"item\":\"https:\\\/\\\/followpartners.com\\\/\"},{\"@type\":\"ListItem\",\"position\":2,\"name\":\"Homepage &#8211; Follow\"}]},{\"@type\":\"WebSite\",\"@id\":\"https:\\\/\\\/followpartners.com\\\/#website\",\"url\":\"https:\\\/\\\/followpartners.com\\\/\",\"name\":\"Follow Partners\",\"description\":\"Private Equity e Advisory\",\"publisher\":{\"@id\":\"https:\\\/\\\/followpartners.com\\\/#organization\"},\"potentialAction\":[{\"@type\":\"SearchAction\",\"target\":{\"@type\":\"EntryPoint\",\"urlTemplate\":\"https:\\\/\\\/followpartners.com\\\/?s={search_term_string}\"},\"query-input\":{\"@type\":\"PropertyValueSpecification\",\"valueRequired\":true,\"valueName\":\"search_term_string\"}}],\"inLanguage\":\"en-US\"},{\"@type\":\"Organization\",\"@id\":\"https:\\\/\\\/followpartners.com\\\/#organization\",\"name\":\"Follow Partners\",\"url\":\"https:\\\/\\\/followpartners.com\\\/\",\"logo\":{\"@type\":\"ImageObject\",\"inLanguage\":\"en-US\",\"@id\":\"https:\\\/\\\/followpartners.com\\\/#\\\/schema\\\/logo\\\/image\\\/\",\"url\":\"https:\\\/\\\/followpartners.com\\\/wp-content\\\/uploads\\\/2025\\\/05\\\/Logo_Follow_Partners.svg\",\"contentUrl\":\"https:\\\/\\\/followpartners.com\\\/wp-content\\\/uploads\\\/2025\\\/05\\\/Logo_Follow_Partners.svg\",\"width\":154,\"height\":44,\"caption\":\"Follow Partners\"},\"image\":{\"@id\":\"https:\\\/\\\/followpartners.com\\\/#\\\/schema\\\/logo\\\/image\\\/\"}}]}<\/script>\n<!-- \/ Yoast SEO plugin. -->","yoast_head_json":{"title":"Follow Partners | Private Equity e Advisory","description":"Atuamos com Private Equity para empresas com alto potencial de crescimento e assessoria especializada para empreendedores e investidores.","robots":{"index":"index","follow":"follow","max-snippet":"max-snippet:-1","max-image-preview":"max-image-preview:large","max-video-preview":"max-video-preview:-1"},"canonical":"https:\/\/followpartners.com\/en\/","og_locale":"en_US","og_type":"article","og_title":"Follow Partners | Private Equity e Advisory","og_description":"Atuamos com Private Equity para empresas com alto potencial de crescimento e assessoria especializada para empreendedores e investidores.","og_url":"https:\/\/followpartners.com\/en\/","og_site_name":"Follow Partners","article_modified_time":"2025-09-22T17:51:08+00:00","og_image":[{"width":2160,"height":1215,"url":"https:\/\/followpartners.com\/wp-content\/uploads\/2025\/05\/Follow_Asset_01.jpg","type":"image\/jpeg"}],"twitter_card":"summary_large_image","twitter_misc":{"Est. reading time":"2 minutes"},"schema":{"@context":"https:\/\/schema.org","@graph":[{"@type":"WebPage","@id":"https:\/\/followpartners.com\/","url":"https:\/\/followpartners.com\/","name":"Follow Partners | Private Equity e Advisory","isPartOf":{"@id":"https:\/\/followpartners.com\/#website"},"primaryImageOfPage":{"@id":"https:\/\/followpartners.com\/#primaryimage"},"image":{"@id":"https:\/\/followpartners.com\/#primaryimage"},"thumbnailUrl":"https:\/\/followpartners.com\/wp-content\/uploads\/2025\/05\/Follow_Asset_01.jpg","datePublished":"2025-05-13T17:56:41+00:00","dateModified":"2025-09-22T17:51:08+00:00","description":"Atuamos com Private Equity para empresas com alto potencial de crescimento e assessoria especializada para empreendedores e investidores.","breadcrumb":{"@id":"https:\/\/followpartners.com\/#breadcrumb"},"inLanguage":"en-US","potentialAction":[{"@type":"ReadAction","target":["https:\/\/followpartners.com\/"]}]},{"@type":"ImageObject","inLanguage":"en-US","@id":"https:\/\/followpartners.com\/#primaryimage","url":"https:\/\/followpartners.com\/wp-content\/uploads\/2025\/05\/Follow_Asset_01.jpg","contentUrl":"https:\/\/followpartners.com\/wp-content\/uploads\/2025\/05\/Follow_Asset_01.jpg","width":2160,"height":1215},{"@type":"BreadcrumbList","@id":"https:\/\/followpartners.com\/#breadcrumb","itemListElement":[{"@type":"ListItem","position":1,"name":"Home","item":"https:\/\/followpartners.com\/"},{"@type":"ListItem","position":2,"name":"Homepage &#8211; Follow"}]},{"@type":"WebSite","@id":"https:\/\/followpartners.com\/#website","url":"https:\/\/followpartners.com\/","name":"Follow Partners","description":"Private Equity e Advisory","publisher":{"@id":"https:\/\/followpartners.com\/#organization"},"potentialAction":[{"@type":"SearchAction","target":{"@type":"EntryPoint","urlTemplate":"https:\/\/followpartners.com\/?s={search_term_string}"},"query-input":{"@type":"PropertyValueSpecification","valueRequired":true,"valueName":"search_term_string"}}],"inLanguage":"en-US"},{"@type":"Organization","@id":"https:\/\/followpartners.com\/#organization","name":"Follow Partners","url":"https:\/\/followpartners.com\/","logo":{"@type":"ImageObject","inLanguage":"en-US","@id":"https:\/\/followpartners.com\/#\/schema\/logo\/image\/","url":"https:\/\/followpartners.com\/wp-content\/uploads\/2025\/05\/Logo_Follow_Partners.svg","contentUrl":"https:\/\/followpartners.com\/wp-content\/uploads\/2025\/05\/Logo_Follow_Partners.svg","width":154,"height":44,"caption":"Follow Partners"},"image":{"@id":"https:\/\/followpartners.com\/#\/schema\/logo\/image\/"}}]}},"_links":{"self":[{"href":"https:\/\/followpartners.com\/en\/wp-json\/wp\/v2\/pages\/24","targetHints":{"allow":["GET"]}}],"collection":[{"href":"https:\/\/followpartners.com\/en\/wp-json\/wp\/v2\/pages"}],"about":[{"href":"https:\/\/followpartners.com\/en\/wp-json\/wp\/v2\/types\/page"}],"author":[{"embeddable":true,"href":"https:\/\/followpartners.com\/en\/wp-json\/wp\/v2\/users\/2"}],"replies":[{"embeddable":true,"href":"https:\/\/followpartners.com\/en\/wp-json\/wp\/v2\/comments?post=24"}],"version-history":[{"count":43,"href":"https:\/\/followpartners.com\/en\/wp-json\/wp\/v2\/pages\/24\/revisions"}],"predecessor-version":[{"id":189,"href":"https:\/\/followpartners.com\/en\/wp-json\/wp\/v2\/pages\/24\/revisions\/189"}],"wp:featuredmedia":[{"embeddable":true,"href":"https:\/\/followpartners.com\/en\/wp-json\/wp\/v2\/media\/34"}],"wp:attachment":[{"href":"https:\/\/followpartners.com\/en\/wp-json\/wp\/v2\/media?parent=24"}],"curies":[{"name":"wp","href":"https:\/\/api.w.org\/{rel}","templated":true}]}}